{"id":25,"date":"2022-10-25T22:02:28","date_gmt":"2022-10-25T22:02:28","guid":{"rendered":"https:\/\/boetschi-immobilien.ch\/?page_id=25"},"modified":"2023-10-20T11:00:55","modified_gmt":"2023-10-20T11:00:55","slug":"parkplaetze","status":"publish","type":"page","link":"https:\/\/boetschi-immobilien.ch\/index.php\/parkplaetze\/","title":{"rendered":"Parkpl\u00e4tze \/ Lagerr\u00e4ume"},"content":{"rendered":"<dl class=\"gallery-item\">\n<dt class=\"gallery-icon landscape\"><\/dt>\n<\/dl>\n<p>&nbsp;<\/p>\n<p><img fetchpriority=\"high\" decoding=\"async\" class=\"aligncenter wp-image-517 size-full\" src=\"https:\/\/boetschi-immobilien.ch\/wp-content\/uploads\/2023\/10\/UG-PP-1.jpg\" alt=\"\" width=\"1753\" height=\"1240\" srcset=\"https:\/\/boetschi-immobilien.ch\/wp-content\/uploads\/2023\/10\/UG-PP-1.jpg 1753w, https:\/\/boetschi-immobilien.ch\/wp-content\/uploads\/2023\/10\/UG-PP-1-300x212.jpg 300w, https:\/\/boetschi-immobilien.ch\/wp-content\/uploads\/2023\/10\/UG-PP-1-1024x724.jpg 1024w, https:\/\/boetschi-immobilien.ch\/wp-content\/uploads\/2023\/10\/UG-PP-1-768x543.jpg 768w, https:\/\/boetschi-immobilien.ch\/wp-content\/uploads\/2023\/10\/UG-PP-1-1536x1087.jpg 1536w\" sizes=\"(max-width: 1753px) 100vw, 1753px\" \/><\/p>\n<p style=\"text-align: left;\">Die Tiefgarage verf\u00fcgt \u00fcber eine Raumh\u00f6he von 2.60 Meter und hat einen vollfl\u00e4chigen Hartbetonbelag. Es kann zus\u00e4tzlich Strom zu den Parkpl\u00e4tzen oder Lagerfl\u00e4chen gef\u00fchrt werden. Die Tiefgarage ist mechanisch bel\u00fcftet und hat einen Zugang \u00fcber eine Ampelbetriebene Rampe. Vom Untergeschoss kann man \u00fcber das Treppenhaus oder den Lift wieder ins Erdgeschoss gelangen.<\/p>\n<p>Bei Bedarf besteht die M\u00f6glichkeit den Grundriss nach Wunsch anzupassen.<\/p>\n","protected":false},"excerpt":{"rendered":"<p>&nbsp; Die Tiefgarage verf\u00fcgt \u00fcber eine Raumh\u00f6he von 2.60 Meter und hat einen vollfl\u00e4chigen Hartbetonbelag. Es kann zus\u00e4tzlich Strom zu den Parkpl\u00e4tzen oder Lagerfl\u00e4chen gef\u00fchrt werden. Die Tiefgarage ist mechanisch bel\u00fcftet und hat einen Zugang \u00fcber eine Ampelbetriebene Rampe. Vom Untergeschoss kann man \u00fcber das Treppenhaus oder den Lift wieder ins Erdgeschoss gelangen. Bei Bedarf [&hellip;]<\/p>\n","protected":false},"author":1,"featured_media":0,"parent":0,"menu_order":3,"comment_status":"closed","ping_status":"closed","template":"","meta":{"ocean_post_layout":"full-width","ocean_both_sidebars_style":"","ocean_both_sidebars_content_width":0,"ocean_both_sidebars_sidebars_width":0,"ocean_sidebar":"0","ocean_second_sidebar":"0","ocean_disable_margins":"enable","ocean_add_body_class":"","ocean_shortcode_before_top_bar":"","ocean_shortcode_after_top_bar":"","ocean_shortcode_before_header":"","ocean_shortcode_after_header":"","ocean_has_shortcode":"","ocean_shortcode_after_title":"","ocean_shortcode_before_footer_widgets":"","ocean_shortcode_after_footer_widgets":"","ocean_shortcode_before_footer_bottom":"","ocean_shortcode_after_footer_bottom":"","ocean_display_top_bar":"off","ocean_display_header":"default","ocean_header_style":"","ocean_center_header_left_menu":"0","ocean_custom_header_template":"0","ocean_custom_logo":0,"ocean_custom_retina_logo":0,"ocean_custom_logo_max_width":0,"ocean_custom_logo_tablet_max_width":0,"ocean_custom_logo_mobile_max_width":0,"ocean_custom_logo_max_height":0,"ocean_custom_logo_tablet_max_height":0,"ocean_custom_logo_mobile_max_height":0,"ocean_header_custom_menu":"0","ocean_menu_typo_font_family":"0","ocean_menu_typo_font_subset":"","ocean_menu_typo_font_size":0,"ocean_menu_typo_font_size_tablet":0,"ocean_menu_typo_font_size_mobile":0,"ocean_menu_typo_font_size_unit":"px","ocean_menu_typo_font_weight":"","ocean_menu_typo_font_weight_tablet":"","ocean_menu_typo_font_weight_mobile":"","ocean_menu_typo_transform":"","ocean_menu_typo_transform_tablet":"","ocean_menu_typo_transform_mobile":"","ocean_menu_typo_line_height":0,"ocean_menu_typo_line_height_tablet":0,"ocean_menu_typo_line_height_mobile":0,"ocean_menu_typo_line_height_unit":"","ocean_menu_typo_spacing":0,"ocean_menu_typo_spacing_tablet":0,"ocean_menu_typo_spacing_mobile":0,"ocean_menu_typo_spacing_unit":"","ocean_menu_link_color":"","ocean_menu_link_color_hover":"","ocean_menu_link_color_active":"","ocean_menu_link_background":"","ocean_menu_link_hover_background":"","ocean_menu_link_active_background":"","ocean_menu_social_links_bg":"","ocean_menu_social_hover_links_bg":"","ocean_menu_social_links_color":"","ocean_menu_social_hover_links_color":"","ocean_disable_title":"default","ocean_disable_heading":"enable","ocean_post_title":"","ocean_post_subheading":"","ocean_post_title_style":"centered","ocean_post_title_background_color":"","ocean_post_title_background":0,"ocean_post_title_bg_image_position":"","ocean_post_title_bg_image_attachment":"","ocean_post_title_bg_image_repeat":"","ocean_post_title_bg_image_size":"","ocean_post_title_height":0,"ocean_post_title_bg_overlay":0.5,"ocean_post_title_bg_overlay_color":"","ocean_disable_breadcrumbs":"off","ocean_breadcrumbs_color":"","ocean_breadcrumbs_separator_color":"","ocean_breadcrumbs_links_color":"","ocean_breadcrumbs_links_hover_color":"","ocean_display_footer_widgets":"off","ocean_display_footer_bottom":"off","ocean_custom_footer_template":"0","footnotes":""},"class_list":["post-25","page","type-page","status-publish","hentry","entry"],"_links":{"self":[{"href":"https:\/\/boetschi-immobilien.ch\/index.php\/wp-json\/wp\/v2\/pages\/25","targetHints":{"allow":["GET"]}}],"collection":[{"href":"https:\/\/boetschi-immobilien.ch\/index.php\/wp-json\/wp\/v2\/pages"}],"about":[{"href":"https:\/\/boetschi-immobilien.ch\/index.php\/wp-json\/wp\/v2\/types\/page"}],"author":[{"embeddable":true,"href":"https:\/\/boetschi-immobilien.ch\/index.php\/wp-json\/wp\/v2\/users\/1"}],"replies":[{"embeddable":true,"href":"https:\/\/boetschi-immobilien.ch\/index.php\/wp-json\/wp\/v2\/comments?post=25"}],"version-history":[{"count":93,"href":"https:\/\/boetschi-immobilien.ch\/index.php\/wp-json\/wp\/v2\/pages\/25\/revisions"}],"predecessor-version":[{"id":518,"href":"https:\/\/boetschi-immobilien.ch\/index.php\/wp-json\/wp\/v2\/pages\/25\/revisions\/518"}],"wp:attachment":[{"href":"https:\/\/boetschi-immobilien.ch\/index.php\/wp-json\/wp\/v2\/media?parent=25"}],"curies":[{"name":"wp","href":"https:\/\/api.w.org\/{rel}","templated":true}]}}