{"id":34,"date":"2022-10-25T22:05:59","date_gmt":"2022-10-25T22:05:59","guid":{"rendered":"https:\/\/boetschi-immobilien.ch\/?page_id=34"},"modified":"2023-04-26T13:22:07","modified_gmt":"2023-04-26T13:22:07","slug":"aktuell-bilder","status":"publish","type":"page","link":"https:\/\/boetschi-immobilien.ch\/index.php\/aktuell-bilder\/","title":{"rendered":"Aktuell \/ Bilder"},"content":{"rendered":"<p style=\"font-variant-caps: normal; font-family: Roboto, sans-serif; font-size: 15px; font-style: normal;\">Das Projekt befindet sich im Rohbau &#8211; Stand November 2022.<\/p>\n<p style=\"font-variant-caps: normal; font-family: Roboto, sans-serif; font-size: 15px; font-style: normal;\">Die Tiefgaragen-Parkpl\u00e4tze sind einzugsbereit. Die B\u00fcrofl\u00e4chen k\u00f6nnen ab Juni bezogen werden.<\/p>\n<style>\/*! elementor - v3.8.1 - 13-11-2022 *\/<br \/>\n.elementor-image-gallery .gallery-item{display:inline-block;text-align:center;vertical-align:top;width:100%;max-width:100%;margin:0 auto}.elementor-image-gallery .gallery-item img{margin:0 auto}.elementor-image-gallery .gallery-item .gallery-caption{margin:0}.elementor-image-gallery figure img{display:block}.elementor-image-gallery figure figcaption{width:100%}.gallery-spacing-custom .elementor-image-gallery .gallery-icon{padding:0}@media (min-width:768px){.elementor-image-gallery .gallery-columns-2 .gallery-item{max-width:50%}.elementor-image-gallery .gallery-columns-3 .gallery-item{max-width:33.33%}.elementor-image-gallery .gallery-columns-4 .gallery-item{max-width:25%}.elementor-image-gallery .gallery-columns-5 .gallery-item{max-width:20%}.elementor-image-gallery .gallery-columns-6 .gallery-item{max-width:16.666%}.elementor-image-gallery .gallery-columns-7 .gallery-item{max-width:14.28%}.elementor-image-gallery .gallery-columns-8 .gallery-item{max-width:12.5%}.elementor-image-gallery .gallery-columns-9 .gallery-item{max-width:11.11%}.elementor-image-gallery .gallery-columns-10 .gallery-item{max-width:10%}}@media (min-width:480px) and (max-width:767px){.elementor-image-gallery .gallery.gallery-columns-2 .gallery-item,.elementor-image-gallery .gallery.gallery-columns-3 .gallery-item,.elementor-image-gallery .gallery.gallery-columns-4 .gallery-item,.elementor-image-gallery .gallery.gallery-columns-5 .gallery-item,.elementor-image-gallery .gallery.gallery-columns-6 .gallery-item,.elementor-image-gallery .gallery.gallery-columns-7 .gallery-item,.elementor-image-gallery .gallery.gallery-columns-8 .gallery-item,.elementor-image-gallery .gallery.gallery-columns-9 .gallery-item,.elementor-image-gallery .gallery.gallery-columns-10 .gallery-item{max-width:50%}}@media (max-width:479px){.elementor-image-gallery .gallery.gallery-columns-2 .gallery-item,.elementor-image-gallery .gallery.gallery-columns-3 .gallery-item,.elementor-image-gallery .gallery.gallery-columns-4 .gallery-item,.elementor-image-gallery .gallery.gallery-columns-5 .gallery-item,.elementor-image-gallery .gallery.gallery-columns-6 .gallery-item,.elementor-image-gallery .gallery.gallery-columns-7 .gallery-item,.elementor-image-gallery .gallery.gallery-columns-8 .gallery-item,.elementor-image-gallery .gallery.gallery-columns-9 .gallery-item,.elementor-image-gallery .gallery.gallery-columns-10 .gallery-item{max-width:100%}}<\/style>\n<figure class=\"gallery-item\"><a href=\"https:\/\/boetschi-immobilien.ch\/wp-content\/uploads\/2022\/12\/NBW_1.jpg\" data-elementor-open-lightbox=\"yes\" data-elementor-lightbox-slideshow=\"8dfc476\"><img fetchpriority=\"high\" decoding=\"async\" src=\"https:\/\/boetschi-immobilien.ch\/wp-content\/uploads\/2022\/12\/NBW_1.jpg\" sizes=\"(max-width: 1920px) 100vw, 1920px\" srcset=\"https:\/\/boetschi-immobilien.ch\/wp-content\/uploads\/2022\/12\/NBW_1.jpg 1920w, https:\/\/boetschi-immobilien.ch\/wp-content\/uploads\/2022\/12\/NBW_1-300x214.jpg 300w, https:\/\/boetschi-immobilien.ch\/wp-content\/uploads\/2022\/12\/NBW_1-1024x731.jpg 1024w, https:\/\/boetschi-immobilien.ch\/wp-content\/uploads\/2022\/12\/NBW_1-768x548.jpg 768w, https:\/\/boetschi-immobilien.ch\/wp-content\/uploads\/2022\/12\/NBW_1-1536x1097.jpg 1536w\" alt=\"\" width=\"1920\" height=\"1371\" \/><\/a><\/figure>\n<figure class=\"gallery-item\"><a href=\"https:\/\/boetschi-immobilien.ch\/wp-content\/uploads\/2022\/12\/NBW_2.jpg\" data-elementor-open-lightbox=\"yes\" data-elementor-lightbox-slideshow=\"8dfc476\"><img decoding=\"async\" src=\"https:\/\/boetschi-immobilien.ch\/wp-content\/uploads\/2022\/12\/NBW_2.jpg\" sizes=\"(max-width: 1920px) 100vw, 1920px\" srcset=\"https:\/\/boetschi-immobilien.ch\/wp-content\/uploads\/2022\/12\/NBW_2.jpg 1920w, https:\/\/boetschi-immobilien.ch\/wp-content\/uploads\/2022\/12\/NBW_2-300x214.jpg 300w, https:\/\/boetschi-immobilien.ch\/wp-content\/uploads\/2022\/12\/NBW_2-1024x731.jpg 1024w, https:\/\/boetschi-immobilien.ch\/wp-content\/uploads\/2022\/12\/NBW_2-768x548.jpg 768w, https:\/\/boetschi-immobilien.ch\/wp-content\/uploads\/2022\/12\/NBW_2-1536x1097.jpg 1536w\" alt=\"\" width=\"1920\" height=\"1371\" \/><\/a><\/figure>\n<figure class=\"gallery-item\"><a href=\"https:\/\/boetschi-immobilien.ch\/wp-content\/uploads\/2022\/12\/NBW_3.jpg\" data-elementor-open-lightbox=\"yes\" data-elementor-lightbox-slideshow=\"8dfc476\"><img decoding=\"async\" src=\"https:\/\/boetschi-immobilien.ch\/wp-content\/uploads\/2022\/12\/NBW_3.jpg\" sizes=\"(max-width: 1920px) 100vw, 1920px\" srcset=\"https:\/\/boetschi-immobilien.ch\/wp-content\/uploads\/2022\/12\/NBW_3.jpg 1920w, https:\/\/boetschi-immobilien.ch\/wp-content\/uploads\/2022\/12\/NBW_3-300x214.jpg 300w, https:\/\/boetschi-immobilien.ch\/wp-content\/uploads\/2022\/12\/NBW_3-1024x731.jpg 1024w, https:\/\/boetschi-immobilien.ch\/wp-content\/uploads\/2022\/12\/NBW_3-768x548.jpg 768w, https:\/\/boetschi-immobilien.ch\/wp-content\/uploads\/2022\/12\/NBW_3-1536x1097.jpg 1536w\" alt=\"\" width=\"1920\" height=\"1371\" \/><\/a><\/figure>\n<figure class=\"gallery-item\"><a href=\"https:\/\/boetschi-immobilien.ch\/wp-content\/uploads\/2022\/12\/NBW_4.jpg\" data-elementor-open-lightbox=\"yes\" data-elementor-lightbox-slideshow=\"8dfc476\"><img loading=\"lazy\" decoding=\"async\" src=\"https:\/\/boetschi-immobilien.ch\/wp-content\/uploads\/2022\/12\/NBW_4.jpg\" sizes=\"(max-width: 1920px) 100vw, 1920px\" srcset=\"https:\/\/boetschi-immobilien.ch\/wp-content\/uploads\/2022\/12\/NBW_4.jpg 1920w, https:\/\/boetschi-immobilien.ch\/wp-content\/uploads\/2022\/12\/NBW_4-300x214.jpg 300w, https:\/\/boetschi-immobilien.ch\/wp-content\/uploads\/2022\/12\/NBW_4-1024x731.jpg 1024w, https:\/\/boetschi-immobilien.ch\/wp-content\/uploads\/2022\/12\/NBW_4-768x548.jpg 768w, https:\/\/boetschi-immobilien.ch\/wp-content\/uploads\/2022\/12\/NBW_4-1536x1097.jpg 1536w\" alt=\"\" width=\"1920\" height=\"1371\" \/><\/a><\/figure>\n<figure class=\"gallery-item\"><a href=\"https:\/\/boetschi-immobilien.ch\/wp-content\/uploads\/2022\/12\/NBW_6.jpg\" data-elementor-open-lightbox=\"yes\" data-elementor-lightbox-slideshow=\"8dfc476\"><img loading=\"lazy\" decoding=\"async\" src=\"https:\/\/boetschi-immobilien.ch\/wp-content\/uploads\/2022\/12\/NBW_6.jpg\" sizes=\"(max-width: 1920px) 100vw, 1920px\" srcset=\"https:\/\/boetschi-immobilien.ch\/wp-content\/uploads\/2022\/12\/NBW_6.jpg 1920w, https:\/\/boetschi-immobilien.ch\/wp-content\/uploads\/2022\/12\/NBW_6-300x214.jpg 300w, https:\/\/boetschi-immobilien.ch\/wp-content\/uploads\/2022\/12\/NBW_6-1024x731.jpg 1024w, https:\/\/boetschi-immobilien.ch\/wp-content\/uploads\/2022\/12\/NBW_6-768x548.jpg 768w, https:\/\/boetschi-immobilien.ch\/wp-content\/uploads\/2022\/12\/NBW_6-1536x1097.jpg 1536w\" alt=\"\" width=\"1920\" height=\"1371\" \/><\/a><\/figure>\n<figure class=\"gallery-item\"><a href=\"https:\/\/boetschi-immobilien.ch\/wp-content\/uploads\/2022\/12\/NBW_5.jpg\" data-elementor-open-lightbox=\"yes\" data-elementor-lightbox-slideshow=\"8dfc476\" data-elementor-lightbox-title=\"NBW_5\"><img loading=\"lazy\" decoding=\"async\" src=\"https:\/\/boetschi-immobilien.ch\/wp-content\/uploads\/2022\/12\/NBW_5.jpg\" sizes=\"(max-width: 1920px) 100vw, 1920px\" srcset=\"https:\/\/boetschi-immobilien.ch\/wp-content\/uploads\/2022\/12\/NBW_5.jpg 1920w, https:\/\/boetschi-immobilien.ch\/wp-content\/uploads\/2022\/12\/NBW_5-300x214.jpg 300w, https:\/\/boetschi-immobilien.ch\/wp-content\/uploads\/2022\/12\/NBW_5-1024x731.jpg 1024w, https:\/\/boetschi-immobilien.ch\/wp-content\/uploads\/2022\/12\/NBW_5-768x548.jpg 768w, https:\/\/boetschi-immobilien.ch\/wp-content\/uploads\/2022\/12\/NBW_5-1536x1097.jpg 1536w\" alt=\"\" width=\"1920\" height=\"1371\" \/><\/a><\/figure>\n<figure class=\"gallery-item\"><a href=\"https:\/\/boetschi-immobilien.ch\/wp-content\/uploads\/2022\/12\/NBW_7.jpg\" data-elementor-open-lightbox=\"yes\" data-elementor-lightbox-slideshow=\"8dfc476\" data-elementor-lightbox-title=\"NBW_5\"><img loading=\"lazy\" decoding=\"async\" src=\"https:\/\/boetschi-immobilien.ch\/wp-content\/uploads\/2022\/12\/NBW_7.jpg\" sizes=\"(max-width: 1920px) 100vw, 1920px\" srcset=\"https:\/\/boetschi-immobilien.ch\/wp-content\/uploads\/2022\/12\/NBW_7.jpg 1920w, https:\/\/boetschi-immobilien.ch\/wp-content\/uploads\/2022\/12\/NBW_7-300x214.jpg 300w, https:\/\/boetschi-immobilien.ch\/wp-content\/uploads\/2022\/12\/NBW_7-1024x731.jpg 1024w, https:\/\/boetschi-immobilien.ch\/wp-content\/uploads\/2022\/12\/NBW_7-768x548.jpg 768w, https:\/\/boetschi-immobilien.ch\/wp-content\/uploads\/2022\/12\/NBW_7-1536x1097.jpg 1536w\" alt=\"\" width=\"1920\" height=\"1371\" \/><\/a><\/figure>\n<figure class=\"gallery-item\"><a href=\"https:\/\/boetschi-immobilien.ch\/wp-content\/uploads\/2022\/12\/NBW_8.jpg\" data-elementor-open-lightbox=\"yes\" data-elementor-lightbox-slideshow=\"8dfc476\" data-elementor-lightbox-title=\"NBW_5\"><img loading=\"lazy\" decoding=\"async\" src=\"https:\/\/boetschi-immobilien.ch\/wp-content\/uploads\/2022\/12\/NBW_8.jpg\" sizes=\"(max-width: 1920px) 100vw, 1920px\" srcset=\"https:\/\/boetschi-immobilien.ch\/wp-content\/uploads\/2022\/12\/NBW_8.jpg 1920w, https:\/\/boetschi-immobilien.ch\/wp-content\/uploads\/2022\/12\/NBW_8-300x214.jpg 300w, https:\/\/boetschi-immobilien.ch\/wp-content\/uploads\/2022\/12\/NBW_8-1024x731.jpg 1024w, https:\/\/boetschi-immobilien.ch\/wp-content\/uploads\/2022\/12\/NBW_8-768x548.jpg 768w, https:\/\/boetschi-immobilien.ch\/wp-content\/uploads\/2022\/12\/NBW_8-1536x1097.jpg 1536w\" alt=\"\" width=\"1920\" height=\"1371\" \/><\/a><\/figure>\n<figure class=\"gallery-item\"><a href=\"https:\/\/boetschi-immobilien.ch\/wp-content\/uploads\/2022\/12\/NBW_9.jpg\" data-elementor-open-lightbox=\"yes\" data-elementor-lightbox-slideshow=\"8dfc476\" data-elementor-lightbox-title=\"NBW_5\"><img loading=\"lazy\" decoding=\"async\" src=\"https:\/\/boetschi-immobilien.ch\/wp-content\/uploads\/2022\/12\/NBW_9.jpg\" sizes=\"(max-width: 1920px) 100vw, 1920px\" srcset=\"https:\/\/boetschi-immobilien.ch\/wp-content\/uploads\/2022\/12\/NBW_9.jpg 1920w, https:\/\/boetschi-immobilien.ch\/wp-content\/uploads\/2022\/12\/NBW_9-300x214.jpg 300w, https:\/\/boetschi-immobilien.ch\/wp-content\/uploads\/2022\/12\/NBW_9-1024x731.jpg 1024w, https:\/\/boetschi-immobilien.ch\/wp-content\/uploads\/2022\/12\/NBW_9-768x548.jpg 768w\" alt=\"\" width=\"1920\" height=\"1371\" \/><\/a><\/figure>\n<figure class=\"gallery-item\"><a href=\"https:\/\/boetschi-immobilien.ch\/wp-content\/uploads\/2022\/12\/NBW_10.jpg\" data-elementor-open-lightbox=\"yes\" data-elementor-lightbox-slideshow=\"8dfc476\" data-elementor-lightbox-title=\"NBW_5\"><img loading=\"lazy\" decoding=\"async\" src=\"https:\/\/boetschi-immobilien.ch\/wp-content\/uploads\/2022\/12\/NBW_10.jpg\" sizes=\"(max-width: 1920px) 100vw, 1920px\" srcset=\"https:\/\/boetschi-immobilien.ch\/wp-content\/uploads\/2022\/12\/NBW_10.jpg 1920w, https:\/\/boetschi-immobilien.ch\/wp-content\/uploads\/2022\/12\/NBW_10-300x214.jpg 300w, https:\/\/boetschi-immobilien.ch\/wp-content\/uploads\/2022\/12\/NBW_10-1024x731.jpg 1024w, https:\/\/boetschi-immobilien.ch\/wp-content\/uploads\/2022\/12\/NBW_10-768x548.jpg 768w, https:\/\/boetschi-immobilien.ch\/wp-content\/uploads\/2022\/12\/NBW_10-1536x1097.jpg 1536w\" alt=\"\" width=\"1920\" height=\"1371\" \/><\/a><\/figure>\n<figure class=\"gallery-item\"><a href=\"https:\/\/boetschi-immobilien.ch\/wp-content\/uploads\/2022\/12\/NBW_11.jpg\" data-elementor-open-lightbox=\"yes\" data-elementor-lightbox-slideshow=\"8dfc476\" data-elementor-lightbox-title=\"NBW_5\"><img loading=\"lazy\" decoding=\"async\" src=\"https:\/\/boetschi-immobilien.ch\/wp-content\/uploads\/2022\/12\/NBW_11.jpg\" alt=\"\" width=\"1920\" height=\"1371\" \/><\/a><\/figure>\n<figure class=\"gallery-item\"><a href=\"https:\/\/boetschi-immobilien.ch\/wp-content\/uploads\/2022\/12\/NBW_12.jpg\" data-elementor-open-lightbox=\"yes\" data-elementor-lightbox-slideshow=\"8dfc476\" data-elementor-lightbox-title=\"NBW_5\"><img loading=\"lazy\" decoding=\"async\" src=\"https:\/\/boetschi-immobilien.ch\/wp-content\/uploads\/2022\/12\/NBW_12.jpg\" sizes=\"(max-width: 1920px) 100vw, 1920px\" srcset=\"https:\/\/boetschi-immobilien.ch\/wp-content\/uploads\/2022\/12\/NBW_12.jpg 1920w, https:\/\/boetschi-immobilien.ch\/wp-content\/uploads\/2022\/12\/NBW_12-300x214.jpg 300w, https:\/\/boetschi-immobilien.ch\/wp-content\/uploads\/2022\/12\/NBW_12-1024x731.jpg 1024w, https:\/\/boetschi-immobilien.ch\/wp-content\/uploads\/2022\/12\/NBW_12-768x548.jpg 768w, https:\/\/boetschi-immobilien.ch\/wp-content\/uploads\/2022\/12\/NBW_12-1536x1097.jpg 1536w\" alt=\"\" width=\"1920\" height=\"1371\" \/><\/a><\/figure>\n<figure class=\"gallery-item\"><a href=\"https:\/\/boetschi-immobilien.ch\/wp-content\/uploads\/2022\/12\/NBW_13.jpg\" data-elementor-open-lightbox=\"yes\" data-elementor-lightbox-slideshow=\"8dfc476\" data-elementor-lightbox-title=\"NBW_5\"><img loading=\"lazy\" decoding=\"async\" src=\"https:\/\/boetschi-immobilien.ch\/wp-content\/uploads\/2022\/12\/NBW_13.jpg\" alt=\"\" width=\"1920\" height=\"1371\" aria-describedby=\"gallery-1-445\" \/><\/a><figcaption id=\"gallery-1-445\" class=\"wp-caption-text gallery-caption\">default<\/figcaption><\/figure>\n<figure class=\"gallery-item\"><a href=\"https:\/\/boetschi-immobilien.ch\/wp-content\/uploads\/2022\/12\/NBW_14.jpg\" data-elementor-open-lightbox=\"yes\" data-elementor-lightbox-slideshow=\"8dfc476\" data-elementor-lightbox-title=\"NBW_5\"><img loading=\"lazy\" decoding=\"async\" src=\"https:\/\/boetschi-immobilien.ch\/wp-content\/uploads\/2022\/12\/NBW_14.jpg\" sizes=\"(max-width: 1920px) 100vw, 1920px\" srcset=\"https:\/\/boetschi-immobilien.ch\/wp-content\/uploads\/2022\/12\/NBW_14.jpg 1920w, https:\/\/boetschi-immobilien.ch\/wp-content\/uploads\/2022\/12\/NBW_14-300x214.jpg 300w, https:\/\/boetschi-immobilien.ch\/wp-content\/uploads\/2022\/12\/NBW_14-1024x731.jpg 1024w, https:\/\/boetschi-immobilien.ch\/wp-content\/uploads\/2022\/12\/NBW_14-768x548.jpg 768w, https:\/\/boetschi-immobilien.ch\/wp-content\/uploads\/2022\/12\/NBW_14-1536x1097.jpg 1536w\" alt=\"\" width=\"1920\" height=\"1371\" \/><\/a><\/figure>\n","protected":false},"excerpt":{"rendered":"<p>Das Projekt befindet sich im Rohbau &#8211; Stand November 2022. Die Tiefgaragen-Parkpl\u00e4tze sind einzugsbereit. Die B\u00fcrofl\u00e4chen k\u00f6nnen ab Juni bezogen werden. default<\/p>\n","protected":false},"author":1,"featured_media":0,"parent":0,"menu_order":7,"comment_status":"closed","ping_status":"closed","template":"","meta":{"ocean_post_layout":"full-width","ocean_both_sidebars_style":"","ocean_both_sidebars_content_width":0,"ocean_both_sidebars_sidebars_width":0,"ocean_sidebar":"0","ocean_second_sidebar":"0","ocean_disable_margins":"enable","ocean_add_body_class":"","ocean_shortcode_before_top_bar":"","ocean_shortcode_after_top_bar":"","ocean_shortcode_before_header":"","ocean_shortcode_after_header":"","ocean_has_shortcode":"","ocean_shortcode_after_title":"","ocean_shortcode_before_footer_widgets":"","ocean_shortcode_after_footer_widgets":"","ocean_shortcode_before_footer_bottom":"","ocean_shortcode_after_footer_bottom":"","ocean_display_top_bar":"default","ocean_display_header":"default","ocean_header_style":"","ocean_center_header_left_menu":"0","ocean_custom_header_template":"0","ocean_custom_logo":0,"ocean_custom_retina_logo":0,"ocean_custom_logo_max_width":0,"ocean_custom_logo_tablet_max_width":0,"ocean_custom_logo_mobile_max_width":0,"ocean_custom_logo_max_height":0,"ocean_custom_logo_tablet_max_height":0,"ocean_custom_logo_mobile_max_height":0,"ocean_header_custom_menu":"0","ocean_menu_typo_font_family":"0","ocean_menu_typo_font_subset":"","ocean_menu_typo_font_size":0,"ocean_menu_typo_font_size_tablet":0,"ocean_menu_typo_font_size_mobile":0,"ocean_menu_typo_font_size_unit":"px","ocean_menu_typo_font_weight":"","ocean_menu_typo_font_weight_tablet":"","ocean_menu_typo_font_weight_mobile":"","ocean_menu_typo_transform":"","ocean_menu_typo_transform_tablet":"","ocean_menu_typo_transform_mobile":"","ocean_menu_typo_line_height":0,"ocean_menu_typo_line_height_tablet":0,"ocean_menu_typo_line_height_mobile":0,"ocean_menu_typo_line_height_unit":"","ocean_menu_typo_spacing":0,"ocean_menu_typo_spacing_tablet":0,"ocean_menu_typo_spacing_mobile":0,"ocean_menu_typo_spacing_unit":"","ocean_menu_link_color":"","ocean_menu_link_color_hover":"","ocean_menu_link_color_active":"","ocean_menu_link_background":"","ocean_menu_link_hover_background":"","ocean_menu_link_active_background":"","ocean_menu_social_links_bg":"","ocean_menu_social_hover_links_bg":"","ocean_menu_social_links_color":"","ocean_menu_social_hover_links_color":"","ocean_disable_title":"default","ocean_disable_heading":"enable","ocean_post_title":"","ocean_post_subheading":"","ocean_post_title_style":"centered","ocean_post_title_background_color":"","ocean_post_title_background":0,"ocean_post_title_bg_image_position":"","ocean_post_title_bg_image_attachment":"","ocean_post_title_bg_image_repeat":"","ocean_post_title_bg_image_size":"","ocean_post_title_height":0,"ocean_post_title_bg_overlay":0.5,"ocean_post_title_bg_overlay_color":"","ocean_disable_breadcrumbs":"off","ocean_breadcrumbs_color":"","ocean_breadcrumbs_separator_color":"","ocean_breadcrumbs_links_color":"","ocean_breadcrumbs_links_hover_color":"","ocean_display_footer_widgets":"default","ocean_display_footer_bottom":"default","ocean_custom_footer_template":"0","footnotes":""},"class_list":["post-34","page","type-page","status-publish","hentry","entry"],"_links":{"self":[{"href":"https:\/\/boetschi-immobilien.ch\/index.php\/wp-json\/wp\/v2\/pages\/34","targetHints":{"allow":["GET"]}}],"collection":[{"href":"https:\/\/boetschi-immobilien.ch\/index.php\/wp-json\/wp\/v2\/pages"}],"about":[{"href":"https:\/\/boetschi-immobilien.ch\/index.php\/wp-json\/wp\/v2\/types\/page"}],"author":[{"embeddable":true,"href":"https:\/\/boetschi-immobilien.ch\/index.php\/wp-json\/wp\/v2\/users\/1"}],"replies":[{"embeddable":true,"href":"https:\/\/boetschi-immobilien.ch\/index.php\/wp-json\/wp\/v2\/comments?post=34"}],"version-history":[{"count":96,"href":"https:\/\/boetschi-immobilien.ch\/index.php\/wp-json\/wp\/v2\/pages\/34\/revisions"}],"predecessor-version":[{"id":504,"href":"https:\/\/boetschi-immobilien.ch\/index.php\/wp-json\/wp\/v2\/pages\/34\/revisions\/504"}],"wp:attachment":[{"href":"https:\/\/boetschi-immobilien.ch\/index.php\/wp-json\/wp\/v2\/media?parent=34"}],"curies":[{"name":"wp","href":"https:\/\/api.w.org\/{rel}","templated":true}]}}